{"id":892,"date":"2024-07-21T13:59:36","date_gmt":"2024-07-21T13:59:36","guid":{"rendered":"https:\/\/canizmirviptransfer.com\/?page_id=892"},"modified":"2025-04-19T07:17:28","modified_gmt":"2025-04-19T07:17:28","slug":"bolgeler","status":"publish","type":"page","link":"https:\/\/canizmirviptransfer.com\/?page_id=892","title":{"rendered":"B\u00f6lgeler"},"content":{"rendered":"\t\t<div data-elementor-type=\"wp-page\" data-elementor-id=\"892\" class=\"elementor elementor-892\">\n\t\t\t\t<div class=\"elementor-element elementor-element-4afca49 e-flex e-con-boxed e-con e-parent\" data-id=\"4afca49\" data-element_type=\"container\">\n\t\t\t\t\t<div class=\"e-con-inner\">\n\t\t<div class=\"elementor-element elementor-element-02fdff5 e-con-full e-flex e-con e-child\" data-id=\"02fdff5\" data-element_type=\"container\">\n\t\t\t\t<div class=\"elementor-element elementor-element-077e0aa elementor-widget elementor-widget-spacer\" data-id=\"077e0aa\" data-element_type=\"widget\" data-widget_type=\"spacer.default\">\n\t\t\t\t<div class=\"elementor-widget-container\">\n\t\t\t<style>\/*! elementor - v3.23.0 - 15-07-2024 *\/\n.elementor-column .elementor-spacer-inner{height:var(--spacer-size)}.e-con{--container-widget-width:100%}.e-con-inner>.elementor-widget-spacer,.e-con>.elementor-widget-spacer{width:var(--container-widget-width,var(--spacer-size));--align-self:var(--container-widget-align-self,initial);--flex-shrink:0}.e-con-inner>.elementor-widget-spacer>.elementor-widget-container,.e-con>.elementor-widget-spacer>.elementor-widget-container{height:100%;width:100%}.e-con-inner>.elementor-widget-spacer>.elementor-widget-container>.elementor-spacer,.e-con>.elementor-widget-spacer>.elementor-widget-container>.elementor-spacer{height:100%}.e-con-inner>.elementor-widget-spacer>.elementor-widget-container>.elementor-spacer>.elementor-spacer-inner,.e-con>.elementor-widget-spacer>.elementor-widget-container>.elementor-spacer>.elementor-spacer-inner{height:var(--container-widget-height,var(--spacer-size))}.e-con-inner>.elementor-widget-spacer.elementor-widget-empty,.e-con>.elementor-widget-spacer.elementor-widget-empty{position:relative;min-height:22px;min-width:22px}.e-con-inner>.elementor-widget-spacer.elementor-widget-empty .elementor-widget-empty-icon,.e-con>.elementor-widget-spacer.elementor-widget-empty .elementor-widget-empty-icon{position:absolute;top:0;bottom:0;left:0;right:0;margin:auto;padding:0;width:22px;height:22px}<\/style>\t\t<div class=\"elementor-spacer\">\n\t\t\t<div class=\"elementor-spacer-inner\"><\/div>\n\t\t<\/div>\n\t\t\t\t<\/div>\n\t\t\t\t<\/div>\n\t\t\t\t<div class=\"elementor-element elementor-element-a201a68 elementor-widget elementor-widget-heading\" data-id=\"a201a68\" data-element_type=\"widget\" data-widget_type=\"heading.default\">\n\t\t\t\t<div class=\"elementor-widget-container\">\n\t\t\t<style>\/*! elementor - v3.23.0 - 15-07-2024 *\/\n.elementor-heading-title{padding:0;margin:0;line-height:1}.elementor-widget-heading .elementor-heading-title[class*=elementor-size-]>a{color:inherit;font-size:inherit;line-height:inherit}.elementor-widget-heading .elementor-heading-title.elementor-size-small{font-size:15px}.elementor-widget-heading .elementor-heading-title.elementor-size-medium{font-size:19px}.elementor-widget-heading .elementor-heading-title.elementor-size-large{font-size:29px}.elementor-widget-heading .elementor-heading-title.elementor-size-xl{font-size:39px}.elementor-widget-heading .elementor-heading-title.elementor-size-xxl{font-size:59px}<\/style><h2 class=\"elementor-heading-title elementor-size-default\">Hizmet B\u00f6lgelerimiz<\/h2>\t\t<\/div>\n\t\t\t\t<\/div>\n\t\t\t\t<div class=\"elementor-element elementor-element-f7783aa elementor-widget elementor-widget-heading\" data-id=\"f7783aa\" data-element_type=\"widget\" data-widget_type=\"heading.default\">\n\t\t\t\t<div class=\"elementor-widget-container\">\n\t\t\t<h2 class=\"elementor-heading-title elementor-size-default\">\u0130zmir Havaliman\u0131 Ta\u015f\u0131mac\u0131l\u0131k hizmetlerimizle, sizleri istedi\u011finiz noktadan al\u0131p, hijyen standartlar\u0131na uygun ve \u00f6zel VIP ara\u00e7lar\u0131m\u0131zla g\u00fcvenli ve konforlu bir \u015fekilde ula\u015f\u0131m\u0131n\u0131z\u0131 sa\u011fl\u0131yoruz.\n\n\n\n\n\n\n<\/h2>\t\t<\/div>\n\t\t\t\t<\/div>\n\t\t\t\t<\/div>\n\t\t\t\t\t<\/div>\n\t\t\t\t<\/div>\n\t\t<div class=\"elementor-element elementor-element-4030f7d e-flex e-con-boxed e-con e-parent\" data-id=\"4030f7d\" data-element_type=\"container\">\n\t\t\t\t\t<div class=\"e-con-inner\">\n\t\t\t\t<div class=\"elementor-element elementor-element-6963219 elementor-widget elementor-widget-text-editor\" data-id=\"6963219\" data-element_type=\"widget\" data-widget_type=\"text-editor.default\">\n\t\t\t\t<div class=\"elementor-widget-container\">\n\t\t\t<style>\/*! elementor - v3.23.0 - 15-07-2024 *\/\n.elementor-widget-text-editor.elementor-drop-cap-view-stacked .elementor-drop-cap{background-color:#69727d;color:#fff}.elementor-widget-text-editor.elementor-drop-cap-view-framed .elementor-drop-cap{color:#69727d;border:3px solid;background-color:transparent}.elementor-widget-text-editor:not(.elementor-drop-cap-view-default) .elementor-drop-cap{margin-top:8px}.elementor-widget-text-editor:not(.elementor-drop-cap-view-default) .elementor-drop-cap-letter{width:1em;height:1em}.elementor-widget-text-editor .elementor-drop-cap{float:left;text-align:center;line-height:1;font-size:50px}.elementor-widget-text-editor .elementor-drop-cap-letter{display:inline-block}<\/style>\t\t\t\t<ul><li>\u0130zmir Havaliman\u0131&#8217;ndan \u0130zmir Merkez&#8217;e VIP ula\u015f\u0131m hizmetlerimiz, yolculu\u011funuzu daha rahat ve keyifli hale getirecek \u015fekilde tasarlanm\u0131\u015ft\u0131r. Rezervasyonunuz sonras\u0131nda sizi belirtti\u011finiz tarihte ve saatte havaliman\u0131nda kar\u015f\u0131layan ekibimiz, h\u0131zl\u0131 bir \u015fekilde arac\u0131n\u0131za y\u00f6nlendirir. \u00d6zel tasarlanm\u0131\u015f l\u00fcks ara\u00e7lar\u0131m\u0131zda yolculu\u011funuz boyunca internet, so\u011fuk i\u00e7ecekler ve di\u011fer ikramlar gibi bir\u00e7ok konfor unsuru sunulmaktad\u0131r.<\/li><li>\u0130zmir ve \u00e7evresindeki di\u011fer pop\u00fcler destinasyonlara da ula\u015f\u0131m hizmeti sunarak, tatil veya i\u015f seyahatiniz boyunca sizlere en iyi deneyimi ya\u015fatmay\u0131 hedefliyoruz. Efes, \u00c7e\u015fme, Ala\u00e7at\u0131 gibi turistik b\u00f6lgelere de VIP ula\u015f\u0131m hizmetimiz mevcuttur. Profesyonel \u015fof\u00f6rlerimiz ile \u0130zmir&#8217;in g\u00fczelliklerini ke\u015ffederken, zaman\u0131n\u0131z\u0131n tad\u0131n\u0131 \u00e7\u0131karabilirsiniz.<\/li><li>Ayr\u0131ca, kurumsal etkinlikler, d\u00fc\u011f\u00fcn, ni\u015fan, do\u011fum g\u00fcn\u00fc gibi \u00f6zel organizasyonlar\u0131n\u0131z i\u00e7in de ula\u015f\u0131m hizmetlerimiz mevcuttur. L\u00fcks ve konforun \u00f6n planda oldu\u011fu bu hizmetlerde, misafirlerinizin memnuniyeti bizim \u00f6nceli\u011fimizdir.<\/li><li>Rezervasyon yapt\u0131rmak ya da hizmetlerimiz hakk\u0131nda detayl\u0131 bilgi almak i\u00e7in 7\/24 hizmet veren \u00e7a\u011fr\u0131 merkezimiz ile ileti\u015fime ge\u00e7ebilirsiniz. Ekibimiz, size en uygun ara\u00e7 ve hizmet se\u00e7enekleri ile en iyi \u00e7\u00f6z\u00fcm\u00fc sunmak i\u00e7in her zaman haz\u0131r.<\/li><li>Yolculu\u011funuzun her an\u0131n\u0131 keyifli ve \u00f6zel k\u0131lmak i\u00e7in VIP ula\u015f\u0131m hizmetlerimizle yan\u0131n\u0131zday\u0131z.<\/li><\/ul>\t\t\t\t\t\t<\/div>\n\t\t\t\t<\/div>\n\t\t\t\t<div class=\"elementor-element elementor-element-4069c3f elementor-widget elementor-widget-spacer\" data-id=\"4069c3f\" data-element_type=\"widget\" data-widget_type=\"spacer.default\">\n\t\t\t\t<div class=\"elementor-widget-container\">\n\t\t\t\t\t<div class=\"elementor-spacer\">\n\t\t\t<div class=\"elementor-spacer-inner\"><\/div>\n\t\t<\/div>\n\t\t\t\t<\/div>\n\t\t\t\t<\/div>\n\t\t\t\t\t<\/div>\n\t\t\t\t<\/div>\n\t\t<div class=\"elementor-element elementor-element-abe5c8e e-flex e-con-boxed e-con e-parent\" data-id=\"abe5c8e\" data-element_type=\"container\" data-settings=\"{&quot;background_background&quot;:&quot;gradient&quot;}\">\n\t\t\t\t\t<div class=\"e-con-inner\">\n\t\t\t\t<div class=\"elementor-element elementor-element-dcd2842 elementor-widget elementor-widget-spacer\" data-id=\"dcd2842\" data-element_type=\"widget\" data-widget_type=\"spacer.default\">\n\t\t\t\t<div class=\"elementor-widget-container\">\n\t\t\t\t\t<div class=\"elementor-spacer\">\n\t\t\t<div class=\"elementor-spacer-inner\"><\/div>\n\t\t<\/div>\n\t\t\t\t<\/div>\n\t\t\t\t<\/div>\n\t\t\t\t<div class=\"elementor-element elementor-element-6d8a92a elementor-widget elementor-widget-heading\" data-id=\"6d8a92a\" data-element_type=\"widget\" data-widget_type=\"heading.default\">\n\t\t\t\t<div class=\"elementor-widget-container\">\n\t\t\t<h2 class=\"elementor-heading-title elementor-size-default\"><a href=\"https:\/\/wa.me\/+905064315042\">WhatsApp Hemen Bilgi \u0130\u00e7in T\u0131kla (\u00e7evrimi\u00e7i)<\/a><\/h2>\t\t<\/div>\n\t\t\t\t<\/div>\n\t\t\t\t<div class=\"elementor-element elementor-element-febfd9e elementor-widget elementor-widget-spacer\" data-id=\"febfd9e\" data-element_type=\"widget\" data-widget_type=\"spacer.default\">\n\t\t\t\t<div class=\"elementor-widget-container\">\n\t\t\t\t\t<div class=\"elementor-spacer\">\n\t\t\t<div class=\"elementor-spacer-inner\"><\/div>\n\t\t<\/div>\n\t\t\t\t<\/div>\n\t\t\t\t<\/div>\n\t\t\t\t\t<\/div>\n\t\t\t\t<\/div>\n\t\t\t\t<\/div>\n\t\t","protected":false},"excerpt":{"rendered":"<p>Hizmet B\u00f6lgelerimiz \u0130zmir Havaliman\u0131 Ta\u015f\u0131mac\u0131l\u0131k hizmetlerimizle, sizleri istedi\u011finiz noktadan al\u0131p, hijyen standartlar\u0131na uygun ve \u00f6zel VIP ara\u00e7lar\u0131m\u0131zla g\u00fcvenli ve konforlu bir \u015fekilde ula\u015f\u0131m\u0131n\u0131z\u0131 sa\u011fl\u0131yoruz. \u0130zmir Havaliman\u0131&#8217;ndan \u0130zmir Merkez&#8217;e VIP ula\u015f\u0131m hizmetlerimiz, yolculu\u011funuzu daha rahat ve keyifli hale getirecek \u015fekilde tasarlanm\u0131\u015ft\u0131r. Rezervasyonunuz sonras\u0131nda sizi belirtti\u011finiz tarihte ve saatte havaliman\u0131nda kar\u015f\u0131layan ekibimiz, h\u0131zl\u0131 bir \u015fekilde arac\u0131n\u0131za y\u00f6nlendirir. [&hellip;]<\/p>\n","protected":false},"author":2,"featured_media":0,"parent":0,"menu_order":0,"comment_status":"closed","ping_status":"closed","template":"elementor_header_footer","meta":{"footnotes":""},"class_list":["post-892","page","type-page","status-publish","hentry"],"_links":{"self":[{"href":"https:\/\/canizmirviptransfer.com\/index.php?rest_route=\/wp\/v2\/pages\/892","targetHints":{"allow":["GET"]}}],"collection":[{"href":"https:\/\/canizmirviptransfer.com\/index.php?rest_route=\/wp\/v2\/pages"}],"about":[{"href":"https:\/\/canizmirviptransfer.com\/index.php?rest_route=\/wp\/v2\/types\/page"}],"author":[{"embeddable":true,"href":"https:\/\/canizmirviptransfer.com\/index.php?rest_route=\/wp\/v2\/users\/2"}],"replies":[{"embeddable":true,"href":"https:\/\/canizmirviptransfer.com\/index.php?rest_route=%2Fwp%2Fv2%2Fcomments&post=892"}],"version-history":[{"count":31,"href":"https:\/\/canizmirviptransfer.com\/index.php?rest_route=\/wp\/v2\/pages\/892\/revisions"}],"predecessor-version":[{"id":1143,"href":"https:\/\/canizmirviptransfer.com\/index.php?rest_route=\/wp\/v2\/pages\/892\/revisions\/1143"}],"wp:attachment":[{"href":"https:\/\/canizmirviptransfer.com\/index.php?rest_route=%2Fwp%2Fv2%2Fmedia&parent=892"}],"curies":[{"name":"wp","href":"https:\/\/api.w.org\/{rel}","templated":true}]}}