{"id":452,"date":"2024-05-11T14:21:06","date_gmt":"2024-05-11T14:21:06","guid":{"rendered":"https:\/\/canizmirviptransfer.com\/?page_id=452"},"modified":"2025-04-19T06:54:07","modified_gmt":"2025-04-19T06:54:07","slug":"fiyatlar","status":"publish","type":"page","link":"https:\/\/canizmirviptransfer.com\/?page_id=452","title":{"rendered":"Fiyat Listesi"},"content":{"rendered":"\t\t<div data-elementor-type=\"wp-page\" data-elementor-id=\"452\" class=\"elementor elementor-452\">\n\t\t\t\t<div class=\"elementor-element elementor-element-c9b681b e-flex e-con-boxed e-con e-parent\" data-id=\"c9b681b\" data-element_type=\"container\">\n\t\t\t\t\t<div class=\"e-con-inner\">\n\t\t\t\t<div class=\"elementor-element elementor-element-3d4301c elementor-widget elementor-widget-spacer\" data-id=\"3d4301c\" data-element_type=\"widget\" data-widget_type=\"spacer.default\">\n\t\t\t\t<div class=\"elementor-widget-container\">\n\t\t\t<style>\/*! elementor - v3.23.0 - 15-07-2024 *\/\n.elementor-column .elementor-spacer-inner{height:var(--spacer-size)}.e-con{--container-widget-width:100%}.e-con-inner>.elementor-widget-spacer,.e-con>.elementor-widget-spacer{width:var(--container-widget-width,var(--spacer-size));--align-self:var(--container-widget-align-self,initial);--flex-shrink:0}.e-con-inner>.elementor-widget-spacer>.elementor-widget-container,.e-con>.elementor-widget-spacer>.elementor-widget-container{height:100%;width:100%}.e-con-inner>.elementor-widget-spacer>.elementor-widget-container>.elementor-spacer,.e-con>.elementor-widget-spacer>.elementor-widget-container>.elementor-spacer{height:100%}.e-con-inner>.elementor-widget-spacer>.elementor-widget-container>.elementor-spacer>.elementor-spacer-inner,.e-con>.elementor-widget-spacer>.elementor-widget-container>.elementor-spacer>.elementor-spacer-inner{height:var(--container-widget-height,var(--spacer-size))}.e-con-inner>.elementor-widget-spacer.elementor-widget-empty,.e-con>.elementor-widget-spacer.elementor-widget-empty{position:relative;min-height:22px;min-width:22px}.e-con-inner>.elementor-widget-spacer.elementor-widget-empty .elementor-widget-empty-icon,.e-con>.elementor-widget-spacer.elementor-widget-empty .elementor-widget-empty-icon{position:absolute;top:0;bottom:0;left:0;right:0;margin:auto;padding:0;width:22px;height:22px}<\/style>\t\t<div class=\"elementor-spacer\">\n\t\t\t<div class=\"elementor-spacer-inner\"><\/div>\n\t\t<\/div>\n\t\t\t\t<\/div>\n\t\t\t\t<\/div>\n\t\t\t\t\t<\/div>\n\t\t\t\t<\/div>\n\t\t<div class=\"elementor-element elementor-element-095bbcb e-flex e-con-boxed e-con e-parent\" data-id=\"095bbcb\" data-element_type=\"container\">\n\t\t\t\t\t<div class=\"e-con-inner\">\n\t\t\t\t<div class=\"elementor-element elementor-element-87eeb5a elementor-widget elementor-widget-heading\" data-id=\"87eeb5a\" data-element_type=\"widget\" data-widget_type=\"heading.default\">\n\t\t\t\t<div class=\"elementor-widget-container\">\n\t\t\t<style>\/*! elementor - v3.23.0 - 15-07-2024 *\/\n.elementor-heading-title{padding:0;margin:0;line-height:1}.elementor-widget-heading .elementor-heading-title[class*=elementor-size-]>a{color:inherit;font-size:inherit;line-height:inherit}.elementor-widget-heading .elementor-heading-title.elementor-size-small{font-size:15px}.elementor-widget-heading .elementor-heading-title.elementor-size-medium{font-size:19px}.elementor-widget-heading .elementor-heading-title.elementor-size-large{font-size:29px}.elementor-widget-heading .elementor-heading-title.elementor-size-xl{font-size:39px}.elementor-widget-heading .elementor-heading-title.elementor-size-xxl{font-size:59px}<\/style><h2 class=\"elementor-heading-title elementor-size-default\">2025 Y\u0131l\u0131 Vip Transfer G\u00fcncel Fiyat Listemiz<\/h2>\t\t<\/div>\n\t\t\t\t<\/div>\n\t\t\t\t<div class=\"elementor-element elementor-element-5e5191d elementor-widget elementor-widget-heading\" data-id=\"5e5191d\" data-element_type=\"widget\" data-widget_type=\"heading.default\">\n\t\t\t\t<div class=\"elementor-widget-container\">\n\t\t\t<h2 class=\"elementor-heading-title elementor-size-default\">\u0130zmir Havaliman\u0131 Transfer hizmetlerimizle, sizleri istedi\u011finiz noktadan al\u0131p, hijyen standartlar\u0131na uygun ve \u00f6zel VIP ara\u00e7lar\u0131m\u0131zla g\u00fcvenli ve konforlu bir \u015fekilde ula\u015f\u0131m\u0131n\u0131z\u0131 sa\u011fl\u0131yoruz.\n\n\n\n\n\n\n<\/h2>\t\t<\/div>\n\t\t\t\t<\/div>\n\t\t\t\t<div class=\"elementor-element elementor-element-7b0e6da elementor-widget elementor-widget-spacer\" data-id=\"7b0e6da\" data-element_type=\"widget\" data-widget_type=\"spacer.default\">\n\t\t\t\t<div class=\"elementor-widget-container\">\n\t\t\t\t\t<div class=\"elementor-spacer\">\n\t\t\t<div class=\"elementor-spacer-inner\"><\/div>\n\t\t<\/div>\n\t\t\t\t<\/div>\n\t\t\t\t<\/div>\n\t\t\t\t\t<\/div>\n\t\t\t\t<\/div>\n\t\t<div class=\"elementor-element elementor-element-88f5768 e-flex e-con-boxed e-con e-parent\" data-id=\"88f5768\" data-element_type=\"container\">\n\t\t\t\t\t<div class=\"e-con-inner\">\n\t\t\t\t<div class=\"elementor-element elementor-element-0f0fb5b elementor-widget elementor-widget-shortcode\" data-id=\"0f0fb5b\" data-element_type=\"widget\" data-widget_type=\"shortcode.default\">\n\t\t\t\t<div class=\"elementor-widget-container\">\n\t\t\t\t\t<div class=\"elementor-shortcode\">\n<table id=\"tablepress-2\" class=\"tablepress tablepress-id-2\">\n<thead>\n<tr class=\"row-1\">\n\t<th class=\"column-1\"><span style=\"color:#1E85E1;\"><strong>G\u0130D\u0130LECEK G\u00dcZERGAH<\/strong><\/span><\/th><th class=\"column-2\"><span style=\"color:#1E85E1;\"><strong>V\u0130TO TL-EURO<\/strong><\/span><\/th><th class=\"column-3\"><span style=\"color:#1E85E1;\"><strong><\/strong><\/span><\/th>\n<\/tr>\n<\/thead>\n<tbody class=\"row-striping row-hover\">\n<tr class=\"row-2\">\n\t<td class=\"column-1\">\u0130ZM\u0130R HAVAL\u0130MANI-\u0130ZM\u0130R MERKEZ<\/td><td class=\"column-2\">  35 EURO<\/td><td class=\"column-3\"><a href=\"https:\/\/wa.me\/+905064315042\">Rezervasyon Yap<\/a><\/td>\n<\/tr>\n<tr class=\"row-3\">\n\t<td class=\"column-1\">\u0130ZM\u0130R HAVAL\u0130MANI-BORNOVA<\/td><td class=\"column-2\">37 EURO<\/td><td class=\"column-3\"><a href=\"https:\/\/wa.me\/+905064315042\">Rezervasyon Yap<\/a><\/td>\n<\/tr>\n<tr class=\"row-4\">\n\t<td class=\"column-1\">\u0130ZM\u0130R HAVAL\u0130MANI-KAR\u015eIYAKA<\/td><td class=\"column-2\"> 40 EURO<\/td><td class=\"column-3\"><a href=\"https:\/\/wa.me\/+905064315042\">Rezervasyon Yap<\/a><\/td>\n<\/tr>\n<tr class=\"row-5\">\n\t<td class=\"column-1\">\u0130ZM\u0130R HAVAL\u0130MANI-G\u00dcZELBAH\u00c7E<\/td><td class=\"column-2\"> 45 EURO<\/td><td class=\"column-3\"><a href=\"https:\/\/wa.me\/+905064315042\">Rezervasyon Yap<\/a><\/td>\n<\/tr>\n<tr class=\"row-6\">\n\t<td class=\"column-1\">\u0130ZM\u0130R HAVAL\u0130MANI-\u00c7E\u015eME MERKEZ<\/td><td class=\"column-2\"> 80 EURO<\/td><td class=\"column-3\"><a href=\"https:\/\/wa.me\/+905064315042\">Rezervasyon Yap<\/a><\/td>\n<\/tr>\n<tr class=\"row-7\">\n\t<td class=\"column-1\">\u0130ZM\u0130R HAVAL\u0130MANI-\u00c7E\u015eME ALA\u00c7ATI<\/td><td class=\"column-2\">80 EURO<\/td><td class=\"column-3\"><a href=\"https:\/\/wa.me\/+905064315042\">Rezervasyon Yap<\/a><\/td>\n<\/tr>\n<tr class=\"row-8\">\n\t<td class=\"column-1\">\u0130ZM\u0130R HAVAL\u0130MANI-\u00c7E\u015eME ILICA<\/td><td class=\"column-2\">80 EURO<\/td><td class=\"column-3\"><a href=\"https:\/\/wa.me\/+905064315042\">Rezervasyon Yap<\/a><\/td>\n<\/tr>\n<tr class=\"row-9\">\n\t<td class=\"column-1\">\u0130ZM\u0130R HAVAL\u0130MANI-\u00c7E\u015eME \u00c7\u0130FTL\u0130KK\u00d6Y<\/td><td class=\"column-2\">85 EURO<\/td><td class=\"column-3\"><a href=\"https:\/\/wa.me\/+905064315042\">Rezervasyon Yap<\/a><\/td>\n<\/tr>\n<tr class=\"row-10\">\n\t<td class=\"column-1\">\u0130ZM\u0130R HAVAL\u0130MANI-DALYAN<\/td><td class=\"column-2\">85 EURO<\/td><td class=\"column-3\"><a href=\"https:\/\/wa.me\/+905064315042\">Rezervasyon Yap<\/a><\/td>\n<\/tr>\n<tr class=\"row-11\">\n\t<td class=\"column-1\">\u0130ZM\u0130R HAVAL\u0130MANI-\u00c7E\u015eME ILDIR<\/td><td class=\"column-2\">85 EURO<\/td><td class=\"column-3\"><a href=\"https:\/\/wa.me\/+905064315042\">Rezervasyon Yap<\/a><\/td>\n<\/tr>\n<tr class=\"row-12\">\n\t<td class=\"column-1\">\u0130ZM\u0130R HAVAL\u0130MANI-URLA-\u00c7E\u015eMEALTI<\/td><td class=\"column-2\">70 EURO<\/td><td class=\"column-3\"><a href=\"https:\/\/wa.me\/+905064315042\">Rezervasyon Yap<\/a><\/td>\n<\/tr>\n<tr class=\"row-13\">\n\t<td class=\"column-1\">\u0130ZM\u0130R HAVAL\u0130MANI-SEFER\u0130H\u0130SAR SI\u011eACIK<\/td><td class=\"column-2\">70 EURO<\/td><td class=\"column-3\"><a href=\"https:\/\/wa.me\/+905064315042\">Rezervasyon Yap<\/a><\/td>\n<\/tr>\n<tr class=\"row-14\">\n\t<td class=\"column-1\">\u0130ZM\u0130R HAVAL\u0130MANI-BALIKLIOVA<\/td><td class=\"column-2\"> 80 EURO<\/td><td class=\"column-3\"><a href=\"https:\/\/wa.me\/+905064315042\">Rezervasyon Yap<\/a><\/td>\n<\/tr>\n<tr class=\"row-15\">\n\t<td class=\"column-1\">\u0130ZM\u0130R HAVAL\u0130MANI-MORDO\u011eAN<\/td><td class=\"column-2\"> 90 EURO<\/td><td class=\"column-3\"><a href=\"https:\/\/wa.me\/+905064315042\">Rezervasyon Yap<\/a><\/td>\n<\/tr>\n<tr class=\"row-16\">\n\t<td class=\"column-1\">\u0130ZM\u0130R HAVAL\u0130MANI-KARABURUN<\/td><td class=\"column-2\">100 EURO<\/td><td class=\"column-3\"><a href=\"https:\/\/wa.me\/+905064315042\">Rezervasyon Yap<\/a><\/td>\n<\/tr>\n<tr class=\"row-17\">\n\t<td class=\"column-1\">\u0130ZM\u0130R HAVAL\u0130MANI-G\u00dcM\u00dcLD\u00dcR-\u00d6ZDERE<\/td><td class=\"column-2\">70 EURO<\/td><td class=\"column-3\"><a href=\"https:\/\/wa.me\/+905064315042\">Rezervasyon Yap<\/a><\/td>\n<\/tr>\n<tr class=\"row-18\">\n\t<td class=\"column-1\">\u0130ZM\u0130R HAVAL\u0130MANI-SEL\u00c7UK<\/td><td class=\"column-2\">70 EURO<\/td><td class=\"column-3\"><a href=\"https:\/\/wa.me\/+905064315042\">Rezervasyon Yap<\/a><\/td>\n<\/tr>\n<tr class=\"row-19\">\n\t<td class=\"column-1\">\u0130ZM\u0130R HAVAL\u0130MANI-\u015e\u0130R\u0130NCE<\/td><td class=\"column-2\"> 80 EURO<\/td><td class=\"column-3\"><a href=\"https:\/\/wa.me\/+905064315042\">Rezervasyon Yap<\/a><\/td>\n<\/tr>\n<tr class=\"row-20\">\n\t<td class=\"column-1\">\u0130ZM\u0130R HAVAL\u0130MANI-PAMUCAK<\/td><td class=\"column-2\">75 EURO<\/td><td class=\"column-3\"><a href=\"https:\/\/wa.me\/+905064315042\">Rezervasyon Yap<\/a><\/td>\n<\/tr>\n<tr class=\"row-21\">\n\t<td class=\"column-1\">\u0130ZM\u0130R HAVAL\u0130MANI-KU\u015eADASI MERKEZ<\/td><td class=\"column-2\"> 80 EURO<\/td><td class=\"column-3\"><a href=\"https:\/\/wa.me\/+905064315042\">Rezervasyon Yap<\/a><\/td>\n<\/tr>\n<tr class=\"row-22\">\n\t<td class=\"column-1\">\u0130ZM\u0130R HAVAL\u0130MANI-DAVUTLAR<\/td><td class=\"column-2\"> 85 EURO<\/td><td class=\"column-3\"><a href=\"https:\/\/wa.me\/+905064315042\">Rezervasyon Yap<\/a><\/td>\n<\/tr>\n<tr class=\"row-23\">\n\t<td class=\"column-1\">\u0130ZM\u0130R HAVAL\u0130MANI-G\u00dcZEL\u00c7AMLI<\/td><td class=\"column-2\"> 90 EURO<\/td><td class=\"column-3\"><a href=\"https:\/\/wa.me\/+905064315042\">Rezervasyon Yap<\/a><\/td>\n<\/tr>\n<tr class=\"row-24\">\n\t<td class=\"column-1\">\u0130ZM\u0130R HAVAL\u0130MANI-AYDIN<\/td><td class=\"column-2\"> 90 EURO<\/td><td class=\"column-3\"><a href=\"https:\/\/wa.me\/+905064315042\">Rezervasyon Yap<\/a><\/td>\n<\/tr>\n<tr class=\"row-25\">\n\t<td class=\"column-1\">\u0130ZM\u0130R HAVAL\u0130MANI-S\u00d6KE<\/td><td class=\"column-2\"> 90 EURO<\/td><td class=\"column-3\"><a href=\"https:\/\/wa.me\/+905064315042\">Rezervasyon Yap<\/a><\/td>\n<\/tr>\n<tr class=\"row-26\">\n\t<td class=\"column-1\">\u0130ZM\u0130R HAVAL\u0130MANI-D\u0130D\u0130M<\/td><td class=\"column-2\">130 EURO<\/td><td class=\"column-3\"><a href=\"https:\/\/wa.me\/+905064315042\">Rezervasyon Yap<\/a><\/td>\n<\/tr>\n<tr class=\"row-27\">\n\t<td class=\"column-1\">\u0130ZM\u0130R HAVAL\u0130MANI-BODRUM MERKEZ<\/td><td class=\"column-2\">220 EURO<\/td><td class=\"column-3\"><a href=\"https:\/\/wa.me\/+905064315042\">Rezervasyon Yap<\/a><\/td>\n<\/tr>\n<tr class=\"row-28\">\n\t<td class=\"column-1\">\u0130ZM\u0130R HAVAL\u0130MANI-YALIKAVAK<\/td><td class=\"column-2\"> 220 EURO<\/td><td class=\"column-3\"><a href=\"https:\/\/wa.me\/+905064315042\">Rezervasyon Yap<\/a><\/td>\n<\/tr>\n<tr class=\"row-29\">\n\t<td class=\"column-1\">\u0130ZM\u0130R HAVAL\u0130MANI-TURGUTRE\u0130S<\/td><td class=\"column-2\">240 EURO<\/td><td class=\"column-3\"><a href=\"https:\/\/wa.me\/+905064315042\">Rezervasyon Yap<\/a><\/td>\n<\/tr>\n<tr class=\"row-30\">\n\t<td class=\"column-1\">\u0130ZM\u0130R HAVAL\u0130MANI-MU\u011eLA<\/td><td class=\"column-2\"> 200 EURO<\/td><td class=\"column-3\"><a href=\"https:\/\/wa.me\/+905064315042\">Rezervasyon Yap<\/a><\/td>\n<\/tr>\n<tr class=\"row-31\">\n\t<td class=\"column-1\">\u0130ZM\u0130R HAVAL\u0130MANI-MARMAR\u0130S<\/td><td class=\"column-2\"> 220 EURO<\/td><td class=\"column-3\"><a href=\"https:\/\/wa.me\/+905064315042\">Rezervasyon Yap<\/a><\/td>\n<\/tr>\n<tr class=\"row-32\">\n\t<td class=\"column-1\">\u0130ZM\u0130R HAVAL\u0130MANI-DAT\u00c7A<\/td><td class=\"column-2\">  280 EURO<\/td><td class=\"column-3\"><a href=\"https:\/\/wa.me\/+905064315042\">Rezervasyon Yap<\/a><\/td>\n<\/tr>\n<tr class=\"row-33\">\n\t<td class=\"column-1\">\u0130ZM\u0130R HAVAL\u0130MANI-FETH\u0130YE<\/td><td class=\"column-2\"> 280 EURO<\/td><td class=\"column-3\"><a href=\"https:\/\/wa.me\/+905064315042\">Rezervasyon Yap<\/a><\/td>\n<\/tr>\n<tr class=\"row-34\">\n\t<td class=\"column-1\">\u0130ZM\u0130R HAVAL\u0130MANI-\u00d6L\u00dcDEN\u0130Z<\/td><td class=\"column-2\"> 300 EURO<\/td><td class=\"column-3\"><a href=\"https:\/\/wa.me\/+905064315042\">Rezervasyon Yap<\/a><\/td>\n<\/tr>\n<tr class=\"row-35\">\n\t<td class=\"column-1\">\u0130ZM\u0130R HAVAL\u0130MANI- ESK\u0130 FO\u00c7A<\/td><td class=\"column-2\"> 85 EURO<\/td><td class=\"column-3\"><a href=\"https:\/\/wa.me\/+905064315042\">Rezervasyon Yap<\/a><\/td>\n<\/tr>\n<tr class=\"row-36\">\n\t<td class=\"column-1\">\u0130ZM\u0130R HAVAL\u0130MANI- YEN\u0130 FO\u00c7A<\/td><td class=\"column-2\"> 85 EURO<\/td><td class=\"column-3\"><a href=\"https:\/\/wa.me\/+905064315042\">Rezervasyon Yap<\/a><\/td>\n<\/tr>\n<tr class=\"row-37\">\n\t<td class=\"column-1\">\u0130ZM\u0130R HAVAL\u0130MANI- AL\u0130A\u011eA<\/td><td class=\"column-2\"> 90 EURO<\/td><td class=\"column-3\"><a href=\"https:\/\/wa.me\/+905064315042\">Rezervasyon Yap<\/a><\/td>\n<\/tr>\n<tr class=\"row-38\">\n\t<td class=\"column-1\">\u0130ZM\u0130R HAVAL\u0130MANI- \u00c7ANDARLI<\/td><td class=\"column-2\"> 110 EURO<\/td><td class=\"column-3\"><a href=\"https:\/\/wa.me\/+905064315042\">Rezervasyon Yap<\/a><\/td>\n<\/tr>\n<tr class=\"row-39\">\n\t<td class=\"column-1\">\u0130ZM\u0130R HAVAL\u0130MANI-BERGAMA<\/td><td class=\"column-2\">115 EURO<\/td><td class=\"column-3\"><a href=\"https:\/\/wa.me\/+905064315042\">Rezervasyon Yap<\/a><\/td>\n<\/tr>\n<tr class=\"row-40\">\n\t<td class=\"column-1\">\u0130ZM\u0130R HAVAL\u0130MANI-D\u0130K\u0130L\u0130<\/td><td class=\"column-2\">120 EURO<\/td><td class=\"column-3\"><a href=\"https:\/\/wa.me\/+905064315042\">Rezervasyon Yap<\/a><\/td>\n<\/tr>\n<tr class=\"row-41\">\n\t<td class=\"column-1\">\u0130ZM\u0130R HAVAL\u0130MANI-ALTINOVA<\/td><td class=\"column-2\">125 EURO<\/td><td class=\"column-3\"><a href=\"https:\/\/wa.me\/+905064315042\">Rezervasyon Yap<\/a><\/td>\n<\/tr>\n<tr class=\"row-42\">\n\t<td class=\"column-1\">\u0130ZM\u0130R HAVAL\u0130MANI-AYVALIK<\/td><td class=\"column-2\">130 EURO<\/td><td class=\"column-3\"><a href=\"https:\/\/wa.me\/+905064315042\">Rezervasyon Yap<\/a><\/td>\n<\/tr>\n<tr class=\"row-43\">\n\t<td class=\"column-1\">\u0130ZM\u0130R HAVAL\u0130MANI-BURHAN\u0130YE<\/td><td class=\"column-2\"> 160 EURO<\/td><td class=\"column-3\"><a href=\"https:\/\/wa.me\/+905064315042\">Rezervasyon Yap<\/a><\/td>\n<\/tr>\n<tr class=\"row-44\">\n\t<td class=\"column-1\">\u0130ZM\u0130R HAVAL\u0130MANI-EDREM\u0130T<\/td><td class=\"column-2\"> 170 EURO<\/td><td class=\"column-3\"><a href=\"https:\/\/wa.me\/+905064315042\">Rezervasyon Yap<\/a><\/td>\n<\/tr>\n<tr class=\"row-45\">\n\t<td class=\"column-1\">\u0130ZM\u0130R HAVAL\u0130MANI-AK\u00c7AY<\/td><td class=\"column-2\"> 180 EURO<\/td><td class=\"column-3\"><a href=\"https:\/\/wa.me\/+905064315042\">Rezervasyon Yap<\/a><\/td>\n<\/tr>\n<tr class=\"row-46\">\n\t<td class=\"column-1\">\u0130ZM\u0130R HAVAL\u0130MANI-ALTINOLUK<\/td><td class=\"column-2\"> 190 EURO<\/td><td class=\"column-3\"><a href=\"https:\/\/wa.me\/+905064315042\">Rezervasyon Yap<\/a><\/td>\n<\/tr>\n<tr class=\"row-47\">\n\t<td class=\"column-1\">\u0130ZM\u0130R HAVAL\u0130MANI-K\u00dc\u00c7\u00dcKKUYU<\/td><td class=\"column-2\"> 200 EURO<\/td><td class=\"column-3\"><a href=\"https:\/\/wa.me\/+905064315042\">Rezervasyon Yap<\/a><\/td>\n<\/tr>\n<tr class=\"row-48\">\n\t<td class=\"column-1\">\u0130ZM\u0130R HAVAL\u0130MANI-\u00c7ANAKKALE<\/td><td class=\"column-2\">300 EURO<\/td><td class=\"column-3\"><a href=\"https:\/\/wa.me\/+905064315042\">Rezervasyon Yap<\/a><\/td>\n<\/tr>\n<tr class=\"row-49\">\n\t<td class=\"column-1\">\u0130ZM\u0130R HAVAL\u0130MANI-BALIKES\u0130R<\/td><td class=\"column-2\">190 EURO<\/td><td class=\"column-3\"><a href=\"https:\/\/wa.me\/+905064315042\">Rezervasyon Yap<\/a><\/td>\n<\/tr>\n<tr class=\"row-50\">\n\t<td class=\"column-1\">\u0130ZM\u0130R HAVAL\u0130MANI-BURSA<\/td><td class=\"column-2\"> 300 EURO<\/td><td class=\"column-3\"><a href=\"https:\/\/wa.me\/+905064315042\">Rezervasyon Yap<\/a><\/td>\n<\/tr>\n<tr class=\"row-51\">\n\t<td class=\"column-1\">\u0130ZM\u0130R HAVAL\u0130MANI-MAN\u0130SA<\/td><td class=\"column-2\"> 70 EURO<\/td><td class=\"column-3\"><a href=\"https:\/\/wa.me\/+905064315042\">Rezervasyon Yap<\/a><\/td>\n<\/tr>\n<tr class=\"row-52\">\n\t<td class=\"column-1\">\u0130ZM\u0130R HAVAL\u0130MANI-SAL\u0130HL\u0130<\/td><td class=\"column-2\"> 100 EURO<\/td><td class=\"column-3\"><a href=\"https:\/\/wa.me\/+905064315042\">Rezervasyon Yap<\/a><\/td>\n<\/tr>\n<tr class=\"row-53\">\n\t<td class=\"column-1\">\u0130ZM\u0130R HAVAL\u0130MANI-U\u015eAK<\/td><td class=\"column-2\"> 200 EURO<\/td><td class=\"column-3\"><a href=\"https:\/\/wa.me\/+905064315042\">Rezervasyon Yap<\/a><\/td>\n<\/tr>\n<tr class=\"row-54\">\n\t<td class=\"column-1\">\u0130ZM\u0130R HAVAL\u0130MANI-AFYON<\/td><td class=\"column-2\"> 300 EURO<\/td><td class=\"column-3\"><a href=\"https:\/\/wa.me\/+905064315042\">Rezervasyon Yap<\/a><\/td>\n<\/tr>\n<tr class=\"row-55\">\n\t<td class=\"column-1\">\u0130ZM\u0130R HAVAL\u0130MANI-\u00d6DEM\u0130\u015e<\/td><td class=\"column-2\"> 90 EURO<\/td><td class=\"column-3\"><a href=\"https:\/\/wa.me\/+905064315042\">Rezervasyon Yap<\/a><\/td>\n<\/tr>\n<tr class=\"row-56\">\n\t<td class=\"column-1\">\u0130ZM\u0130R HAVAL\u0130MANI-DEN\u0130ZL\u0130<\/td><td class=\"column-2\"> 200 EURO<\/td><td class=\"column-3\"><a href=\"https:\/\/wa.me\/+905064315042\">Rezervasyon Yap<\/a><\/td>\n<\/tr>\n<tr class=\"row-57\">\n\t<td class=\"column-1\">\u0130ZM\u0130R HAVAL\u0130MANI-PAMUKKALE<\/td><td class=\"column-2\">200 EURO<\/td><td class=\"column-3\"><a href=\"https:\/\/wa.me\/+905064315042\">Rezervasyon Yap<\/a><\/td>\n<\/tr>\n<\/tbody>\n<\/table>\n<!-- #tablepress-2 from cache --><\/div>\n\t\t\t\t<\/div>\n\t\t\t\t<\/div>\n\t\t\t\t\t<\/div>\n\t\t\t\t<\/div>\n\t\t\t\t<\/div>\n\t\t","protected":false},"excerpt":{"rendered":"<p>2025 Y\u0131l\u0131 Vip Transfer G\u00fcncel Fiyat Listemiz \u0130zmir Havaliman\u0131 Transfer hizmetlerimizle, sizleri istedi\u011finiz noktadan al\u0131p, hijyen standartlar\u0131na uygun ve \u00f6zel VIP ara\u00e7lar\u0131m\u0131zla g\u00fcvenli ve konforlu bir \u015fekilde ula\u015f\u0131m\u0131n\u0131z\u0131 sa\u011fl\u0131yoruz.<\/p>\n","protected":false},"author":2,"featured_media":0,"parent":0,"menu_order":0,"comment_status":"closed","ping_status":"closed","template":"","meta":{"footnotes":""},"class_list":["post-452","page","type-page","status-publish","hentry"],"_links":{"self":[{"href":"https:\/\/canizmirviptransfer.com\/index.php?rest_route=\/wp\/v2\/pages\/452","targetHints":{"allow":["GET"]}}],"collection":[{"href":"https:\/\/canizmirviptransfer.com\/index.php?rest_route=\/wp\/v2\/pages"}],"about":[{"href":"https:\/\/canizmirviptransfer.com\/index.php?rest_route=\/wp\/v2\/types\/page"}],"author":[{"embeddable":true,"href":"https:\/\/canizmirviptransfer.com\/index.php?rest_route=\/wp\/v2\/users\/2"}],"replies":[{"embeddable":true,"href":"https:\/\/canizmirviptransfer.com\/index.php?rest_route=%2Fwp%2Fv2%2Fcomments&post=452"}],"version-history":[{"count":169,"href":"https:\/\/canizmirviptransfer.com\/index.php?rest_route=\/wp\/v2\/pages\/452\/revisions"}],"predecessor-version":[{"id":1102,"href":"https:\/\/canizmirviptransfer.com\/index.php?rest_route=\/wp\/v2\/pages\/452\/revisions\/1102"}],"wp:attachment":[{"href":"https:\/\/canizmirviptransfer.com\/index.php?rest_route=%2Fwp%2Fv2%2Fmedia&parent=452"}],"curies":[{"name":"wp","href":"https:\/\/api.w.org\/{rel}","templated":true}]}}