{"id":132,"date":"2024-05-04T16:57:00","date_gmt":"2024-05-04T16:57:00","guid":{"rendered":"https:\/\/canizmirviptransfer.com\/?page_id=132"},"modified":"2025-04-19T08:21:35","modified_gmt":"2025-04-19T08:21:35","slug":"havalimani-transfer","status":"publish","type":"page","link":"https:\/\/canizmirviptransfer.com\/?page_id=132","title":{"rendered":"Havaliman\u0131 Transfer"},"content":{"rendered":"\t\t<div data-elementor-type=\"wp-page\" data-elementor-id=\"132\" class=\"elementor elementor-132\">\n\t\t\t\t\t\t<section class=\"elementor-section elementor-top-section elementor-element elementor-element-43e5ca2b elementor-section-height-min-height elementor-section-content-middle elementor-section-boxed elementor-section-height-default elementor-section-items-middle\" data-id=\"43e5ca2b\" data-element_type=\"section\" data-settings=\"{&quot;background_background&quot;:&quot;classic&quot;}\">\n\t\t\t\t\t\t\t<div class=\"elementor-background-overlay\"><\/div>\n\t\t\t\t\t\t\t<div class=\"elementor-container elementor-column-gap-no\">\n\t\t\t\t\t<div class=\"elementor-column elementor-col-100 elementor-top-column elementor-element elementor-element-5e2bdab6\" data-id=\"5e2bdab6\" data-element_type=\"column\" data-settings=\"{&quot;background_background&quot;:&quot;classic&quot;}\">\n\t\t\t<div class=\"elementor-widget-wrap elementor-element-populated\">\n\t\t\t\t\t\t<div class=\"elementor-element elementor-element-45b09ad8 elementor-widget elementor-widget-heading\" data-id=\"45b09ad8\" data-element_type=\"widget\" data-widget_type=\"heading.default\">\n\t\t\t\t<div class=\"elementor-widget-container\">\n\t\t\t<style>\/*! elementor - v3.23.0 - 15-07-2024 *\/\n.elementor-heading-title{padding:0;margin:0;line-height:1}.elementor-widget-heading .elementor-heading-title[class*=elementor-size-]>a{color:inherit;font-size:inherit;line-height:inherit}.elementor-widget-heading .elementor-heading-title.elementor-size-small{font-size:15px}.elementor-widget-heading .elementor-heading-title.elementor-size-medium{font-size:19px}.elementor-widget-heading .elementor-heading-title.elementor-size-large{font-size:29px}.elementor-widget-heading .elementor-heading-title.elementor-size-xl{font-size:39px}.elementor-widget-heading .elementor-heading-title.elementor-size-xxl{font-size:59px}<\/style><h1 class=\"elementor-heading-title elementor-size-default\">Havaliman\u0131 Vip Ula\u015f\u0131m<\/h1>\t\t<\/div>\n\t\t\t\t<\/div>\n\t\t\t\t\t<\/div>\n\t\t<\/div>\n\t\t\t\t\t<\/div>\n\t\t<\/section>\n\t\t\t\t<section class=\"elementor-section elementor-top-section elementor-element elementor-element-99a12ed elementor-section-boxed elementor-section-height-default elementor-section-height-default\" data-id=\"99a12ed\" data-element_type=\"section\" data-settings=\"{&quot;background_background&quot;:&quot;classic&quot;}\">\n\t\t\t\t\t\t<div class=\"elementor-container elementor-column-gap-no\">\n\t\t\t\t\t<div class=\"elementor-column elementor-col-100 elementor-top-column elementor-element elementor-element-9a9268c\" data-id=\"9a9268c\" data-element_type=\"column\">\n\t\t\t<div class=\"elementor-widget-wrap elementor-element-populated\">\n\t\t\t\t\t\t<section class=\"elementor-section elementor-inner-section elementor-element elementor-element-c311838 elementor-reverse-tablet elementor-reverse-mobile elementor-section-boxed elementor-section-height-default elementor-section-height-default\" data-id=\"c311838\" data-element_type=\"section\">\n\t\t\t\t\t\t<div class=\"elementor-container elementor-column-gap-no\">\n\t\t\t\t\t<div class=\"elementor-column elementor-col-50 elementor-inner-column elementor-element elementor-element-a1af3df\" data-id=\"a1af3df\" data-element_type=\"column\">\n\t\t\t<div class=\"elementor-widget-wrap elementor-element-populated\">\n\t\t\t\t\t\t<div class=\"elementor-element elementor-element-ec8a171 elementor-widget elementor-widget-image\" data-id=\"ec8a171\" data-element_type=\"widget\" data-widget_type=\"image.default\">\n\t\t\t\t<div class=\"elementor-widget-container\">\n\t\t\t<style>\/*! elementor - v3.23.0 - 15-07-2024 *\/\n.elementor-widget-image{text-align:center}.elementor-widget-image a{display:inline-block}.elementor-widget-image a img[src$=\".svg\"]{width:48px}.elementor-widget-image img{vertical-align:middle;display:inline-block}<\/style>\t\t\t\t\t\t\t\t\t\t<img fetchpriority=\"high\" decoding=\"async\" width=\"800\" height=\"450\" src=\"https:\/\/canizmirviptransfer.com\/wp-content\/uploads\/2024\/05\/c223a2b6fa-1024x576.jpg\" class=\"attachment-large size-large wp-image-319\" alt=\"\" srcset=\"https:\/\/canizmirviptransfer.com\/wp-content\/uploads\/2024\/05\/c223a2b6fa-1024x576.jpg 1024w, https:\/\/canizmirviptransfer.com\/wp-content\/uploads\/2024\/05\/c223a2b6fa-300x169.jpg 300w, https:\/\/canizmirviptransfer.com\/wp-content\/uploads\/2024\/05\/c223a2b6fa-768x432.jpg 768w, https:\/\/canizmirviptransfer.com\/wp-content\/uploads\/2024\/05\/c223a2b6fa-1536x864.jpg 1536w, https:\/\/canizmirviptransfer.com\/wp-content\/uploads\/2024\/05\/c223a2b6fa.jpg 1920w\" sizes=\"(max-width: 800px) 100vw, 800px\" \/>\t\t\t\t\t\t\t\t\t\t\t\t\t<\/div>\n\t\t\t\t<\/div>\n\t\t\t\t\t<\/div>\n\t\t<\/div>\n\t\t\t\t<div class=\"elementor-column elementor-col-50 elementor-inner-column elementor-element elementor-element-81aebd9\" data-id=\"81aebd9\" data-element_type=\"column\">\n\t\t\t<div class=\"elementor-widget-wrap elementor-element-populated\">\n\t\t\t\t\t\t<div class=\"elementor-element elementor-element-a789ef9 elementor-widget elementor-widget-heading\" data-id=\"a789ef9\" data-element_type=\"widget\" data-widget_type=\"heading.default\">\n\t\t\t\t<div class=\"elementor-widget-container\">\n\t\t\t<h3 class=\"elementor-heading-title elementor-size-default\">Havaliman\u0131 Ta\u015f\u0131mac\u0131l\u0131k<\/h3>\t\t<\/div>\n\t\t\t\t<\/div>\n\t\t\t\t<div class=\"elementor-element elementor-element-bad8f33 elementor-widget elementor-widget-image\" data-id=\"bad8f33\" data-element_type=\"widget\" data-widget_type=\"image.default\">\n\t\t\t\t<div class=\"elementor-widget-container\">\n\t\t\t\t\t\t\t\t\t\t\t\t\t<img decoding=\"async\" width=\"193\" height=\"4\" src=\"https:\/\/canizmirviptransfer.com\/wp-content\/uploads\/2024\/05\/autozone-img22.png\" class=\"attachment-large size-large wp-image-48\" alt=\"\" srcset=\"https:\/\/canizmirviptransfer.com\/wp-content\/uploads\/2024\/05\/autozone-img22.png 193w, https:\/\/canizmirviptransfer.com\/wp-content\/uploads\/2024\/05\/autozone-img22-150x4.png 150w\" sizes=\"(max-width: 193px) 100vw, 193px\" \/>\t\t\t\t\t\t\t\t\t\t\t\t\t<\/div>\n\t\t\t\t<\/div>\n\t\t\t\t<div class=\"elementor-element elementor-element-be2e474 elementor-widget__width-initial elementor-widget elementor-widget-text-editor\" data-id=\"be2e474\" data-element_type=\"widget\" data-widget_type=\"text-editor.default\">\n\t\t\t\t<div class=\"elementor-widget-container\">\n\t\t\t<style>\/*! elementor - v3.23.0 - 15-07-2024 *\/\n.elementor-widget-text-editor.elementor-drop-cap-view-stacked .elementor-drop-cap{background-color:#69727d;color:#fff}.elementor-widget-text-editor.elementor-drop-cap-view-framed .elementor-drop-cap{color:#69727d;border:3px solid;background-color:transparent}.elementor-widget-text-editor:not(.elementor-drop-cap-view-default) .elementor-drop-cap{margin-top:8px}.elementor-widget-text-editor:not(.elementor-drop-cap-view-default) .elementor-drop-cap-letter{width:1em;height:1em}.elementor-widget-text-editor .elementor-drop-cap{float:left;text-align:center;line-height:1;font-size:50px}.elementor-widget-text-editor .elementor-drop-cap-letter{display:inline-block}<\/style>\t\t\t\t<p>Havaliman\u0131 Vip Ta\u015f\u0131mac\u0131l\u0131k hizmetleri, konfora, rahatl\u0131\u011fa ve mahremiyete \u00f6nem veren bireylere l\u00fcks ve sorunsuz bir ula\u015f\u0131m deneyimi sunmak i\u00e7in tasarlanm\u0131\u015ft\u0131r.<br \/>\u0130ster i\u015f ama\u00e7l\u0131 seyahat eden biri olun, ister y\u00fcksek profilli bir ki\u015fi olun, ister yaln\u0131zca seyahatine \u015f\u0131k bir \u015fekilde ba\u015flamak isteyen biri olun, VIP Ta\u015f\u0131mac\u0131l\u0131k tercih etmek havaliman\u0131 deneyiminizi \u00fcst d\u00fczeye \u00e7\u0131karabilir.<\/p><p>Havaliman\u0131&#8217;n\u0131n en \u00f6nemli avantajlar\u0131ndan biri Vip Ta\u015f\u0131mac\u0131l\u0131k sundu\u011fu ki\u015fiye \u00f6zel hizmettir. U\u00e7aktan indi\u011finiz andan itibaren, bagajlar\u0131n\u0131z\u0131 ta\u015f\u0131man\u0131za yard\u0131mc\u0131 olacak ve sizi bekleyen l\u00fcks arac\u0131n\u0131za kadar e\u015flik edecek profesyonel bir \u015fof\u00f6r taraf\u0131ndan kar\u015f\u0131lan\u0131yorsunuz. \u015eof\u00f6rler, yolculuk boyunca t\u00fcm ihtiya\u00e7 ve tercihlerinizin kar\u015f\u0131lanmas\u0131n\u0131 sa\u011flayacak \u015fekilde birinci s\u0131n\u0131f m\u00fc\u015fteri hizmeti sunma konusunda iyi e\u011fitimli ve deneyimlidir.<\/p><p>Havaalan\u0131 Vip Ta\u015f\u0131mac\u0131l\u0131k se\u00e7menin bir di\u011fer avantaj\u0131 da sa\u011flad\u0131\u011f\u0131 ayr\u0131cal\u0131kt\u0131r<\/p>\t\t\t\t\t\t<\/div>\n\t\t\t\t<\/div>\n\t\t\t\t\t<\/div>\n\t\t<\/div>\n\t\t\t\t\t<\/div>\n\t\t<\/section>\n\t\t\t\t\t<\/div>\n\t\t<\/div>\n\t\t\t\t\t<\/div>\n\t\t<\/section>\n\t\t<div class=\"elementor-element elementor-element-fcea954 e-flex e-con-boxed e-con e-parent\" data-id=\"fcea954\" data-element_type=\"container\" data-settings=\"{&quot;background_background&quot;:&quot;gradient&quot;}\">\n\t\t\t\t\t<div class=\"e-con-inner\">\n\t\t\t\t<div class=\"elementor-element elementor-element-5241b70 elementor-widget elementor-widget-spacer\" data-id=\"5241b70\" data-element_type=\"widget\" data-widget_type=\"spacer.default\">\n\t\t\t\t<div class=\"elementor-widget-container\">\n\t\t\t<style>\/*! elementor - v3.23.0 - 15-07-2024 *\/\n.elementor-column .elementor-spacer-inner{height:var(--spacer-size)}.e-con{--container-widget-width:100%}.e-con-inner>.elementor-widget-spacer,.e-con>.elementor-widget-spacer{width:var(--container-widget-width,var(--spacer-size));--align-self:var(--container-widget-align-self,initial);--flex-shrink:0}.e-con-inner>.elementor-widget-spacer>.elementor-widget-container,.e-con>.elementor-widget-spacer>.elementor-widget-container{height:100%;width:100%}.e-con-inner>.elementor-widget-spacer>.elementor-widget-container>.elementor-spacer,.e-con>.elementor-widget-spacer>.elementor-widget-container>.elementor-spacer{height:100%}.e-con-inner>.elementor-widget-spacer>.elementor-widget-container>.elementor-spacer>.elementor-spacer-inner,.e-con>.elementor-widget-spacer>.elementor-widget-container>.elementor-spacer>.elementor-spacer-inner{height:var(--container-widget-height,var(--spacer-size))}.e-con-inner>.elementor-widget-spacer.elementor-widget-empty,.e-con>.elementor-widget-spacer.elementor-widget-empty{position:relative;min-height:22px;min-width:22px}.e-con-inner>.elementor-widget-spacer.elementor-widget-empty .elementor-widget-empty-icon,.e-con>.elementor-widget-spacer.elementor-widget-empty .elementor-widget-empty-icon{position:absolute;top:0;bottom:0;left:0;right:0;margin:auto;padding:0;width:22px;height:22px}<\/style>\t\t<div class=\"elementor-spacer\">\n\t\t\t<div class=\"elementor-spacer-inner\"><\/div>\n\t\t<\/div>\n\t\t\t\t<\/div>\n\t\t\t\t<\/div>\n\t\t\t\t<div class=\"elementor-element elementor-element-b32fd03 elementor-widget elementor-widget-heading\" data-id=\"b32fd03\" data-element_type=\"widget\" data-widget_type=\"heading.default\">\n\t\t\t\t<div class=\"elementor-widget-container\">\n\t\t\t<h2 class=\"elementor-heading-title elementor-size-default\"><a href=\"https:\/\/wa.me\/+905064315042\">WhatsApp Hemen Bilgi \u0130\u00e7in T\u0131kla (\u00e7evrimi\u00e7i)<\/a><\/h2>\t\t<\/div>\n\t\t\t\t<\/div>\n\t\t\t\t<div class=\"elementor-element elementor-element-e9c64a1 elementor-widget elementor-widget-spacer\" data-id=\"e9c64a1\" data-element_type=\"widget\" data-widget_type=\"spacer.default\">\n\t\t\t\t<div class=\"elementor-widget-container\">\n\t\t\t\t\t<div class=\"elementor-spacer\">\n\t\t\t<div class=\"elementor-spacer-inner\"><\/div>\n\t\t<\/div>\n\t\t\t\t<\/div>\n\t\t\t\t<\/div>\n\t\t\t\t\t<\/div>\n\t\t\t\t<\/div>\n\t\t\t\t<\/div>\n\t\t","protected":false},"excerpt":{"rendered":"<p>Havaliman\u0131 Vip Ula\u015f\u0131m Havaliman\u0131 Ta\u015f\u0131mac\u0131l\u0131k Havaliman\u0131 Vip Ta\u015f\u0131mac\u0131l\u0131k hizmetleri, konfora, rahatl\u0131\u011fa ve mahremiyete \u00f6nem veren bireylere l\u00fcks ve sorunsuz bir ula\u015f\u0131m deneyimi sunmak i\u00e7in tasarlanm\u0131\u015ft\u0131r.\u0130ster i\u015f ama\u00e7l\u0131 seyahat eden biri olun, ister y\u00fcksek profilli bir ki\u015fi olun, ister yaln\u0131zca seyahatine \u015f\u0131k bir \u015fekilde ba\u015flamak isteyen biri olun, VIP Ta\u015f\u0131mac\u0131l\u0131k tercih etmek havaliman\u0131 deneyiminizi \u00fcst d\u00fczeye [&hellip;]<\/p>\n","protected":false},"author":2,"featured_media":0,"parent":0,"menu_order":0,"comment_status":"closed","ping_status":"closed","template":"","meta":{"footnotes":""},"class_list":["post-132","page","type-page","status-publish","hentry"],"_links":{"self":[{"href":"https:\/\/canizmirviptransfer.com\/index.php?rest_route=\/wp\/v2\/pages\/132","targetHints":{"allow":["GET"]}}],"collection":[{"href":"https:\/\/canizmirviptransfer.com\/index.php?rest_route=\/wp\/v2\/pages"}],"about":[{"href":"https:\/\/canizmirviptransfer.com\/index.php?rest_route=\/wp\/v2\/types\/page"}],"author":[{"embeddable":true,"href":"https:\/\/canizmirviptransfer.com\/index.php?rest_route=\/wp\/v2\/users\/2"}],"replies":[{"embeddable":true,"href":"https:\/\/canizmirviptransfer.com\/index.php?rest_route=%2Fwp%2Fv2%2Fcomments&post=132"}],"version-history":[{"count":22,"href":"https:\/\/canizmirviptransfer.com\/index.php?rest_route=\/wp\/v2\/pages\/132\/revisions"}],"predecessor-version":[{"id":1200,"href":"https:\/\/canizmirviptransfer.com\/index.php?rest_route=\/wp\/v2\/pages\/132\/revisions\/1200"}],"wp:attachment":[{"href":"https:\/\/canizmirviptransfer.com\/index.php?rest_route=%2Fwp%2Fv2%2Fmedia&parent=132"}],"curies":[{"name":"wp","href":"https:\/\/api.w.org\/{rel}","templated":true}]}}