{"id":130,"date":"2024-05-04T16:55:37","date_gmt":"2024-05-04T16:55:37","guid":{"rendered":"https:\/\/canizmirviptransfer.com\/?page_id=130"},"modified":"2025-04-19T08:22:08","modified_gmt":"2025-04-19T08:22:08","slug":"vip-transfer","status":"publish","type":"page","link":"https:\/\/canizmirviptransfer.com\/?page_id=130","title":{"rendered":"Vip Transfer"},"content":{"rendered":"\t\t<div data-elementor-type=\"wp-page\" data-elementor-id=\"130\" class=\"elementor elementor-130\">\n\t\t\t\t\t\t<section class=\"elementor-section elementor-top-section elementor-element elementor-element-4d4c4009 elementor-section-height-min-height elementor-section-content-middle elementor-section-boxed elementor-section-height-default elementor-section-items-middle\" data-id=\"4d4c4009\" data-element_type=\"section\" data-settings=\"{&quot;background_background&quot;:&quot;classic&quot;}\">\n\t\t\t\t\t\t\t<div class=\"elementor-background-overlay\"><\/div>\n\t\t\t\t\t\t\t<div class=\"elementor-container elementor-column-gap-no\">\n\t\t\t\t\t<div class=\"elementor-column elementor-col-100 elementor-top-column elementor-element elementor-element-1f52e541\" data-id=\"1f52e541\" data-element_type=\"column\" data-settings=\"{&quot;background_background&quot;:&quot;classic&quot;}\">\n\t\t\t<div class=\"elementor-widget-wrap elementor-element-populated\">\n\t\t\t\t\t\t<div class=\"elementor-element elementor-element-356d7e58 elementor-widget elementor-widget-heading\" data-id=\"356d7e58\" data-element_type=\"widget\" data-widget_type=\"heading.default\">\n\t\t\t\t<div class=\"elementor-widget-container\">\n\t\t\t<style>\/*! elementor - v3.23.0 - 15-07-2024 *\/\n.elementor-heading-title{padding:0;margin:0;line-height:1}.elementor-widget-heading .elementor-heading-title[class*=elementor-size-]>a{color:inherit;font-size:inherit;line-height:inherit}.elementor-widget-heading .elementor-heading-title.elementor-size-small{font-size:15px}.elementor-widget-heading .elementor-heading-title.elementor-size-medium{font-size:19px}.elementor-widget-heading .elementor-heading-title.elementor-size-large{font-size:29px}.elementor-widget-heading .elementor-heading-title.elementor-size-xl{font-size:39px}.elementor-widget-heading .elementor-heading-title.elementor-size-xxl{font-size:59px}<\/style><h1 class=\"elementor-heading-title elementor-size-default\">Vip Ta\u015f\u0131mac\u0131l\u0131k<\/h1>\t\t<\/div>\n\t\t\t\t<\/div>\n\t\t\t\t\t<\/div>\n\t\t<\/div>\n\t\t\t\t\t<\/div>\n\t\t<\/section>\n\t\t\t\t<section class=\"elementor-section elementor-top-section elementor-element elementor-element-d9c3e72 elementor-section-boxed elementor-section-height-default elementor-section-height-default\" data-id=\"d9c3e72\" data-element_type=\"section\" data-settings=\"{&quot;background_background&quot;:&quot;classic&quot;}\">\n\t\t\t\t\t\t<div class=\"elementor-container elementor-column-gap-no\">\n\t\t\t\t\t<div class=\"elementor-column elementor-col-100 elementor-top-column elementor-element elementor-element-8bff903\" data-id=\"8bff903\" data-element_type=\"column\">\n\t\t\t<div class=\"elementor-widget-wrap elementor-element-populated\">\n\t\t\t\t\t\t<section class=\"elementor-section elementor-inner-section elementor-element elementor-element-1e06515c elementor-reverse-tablet elementor-reverse-mobile elementor-section-boxed elementor-section-height-default elementor-section-height-default\" data-id=\"1e06515c\" data-element_type=\"section\">\n\t\t\t\t\t\t<div class=\"elementor-container elementor-column-gap-no\">\n\t\t\t\t\t<div class=\"elementor-column elementor-col-50 elementor-inner-column elementor-element elementor-element-7a26f309\" data-id=\"7a26f309\" data-element_type=\"column\">\n\t\t\t<div class=\"elementor-widget-wrap elementor-element-populated\">\n\t\t\t\t\t\t<div class=\"elementor-element elementor-element-4610739a elementor-widget elementor-widget-image\" data-id=\"4610739a\" data-element_type=\"widget\" data-widget_type=\"image.default\">\n\t\t\t\t<div class=\"elementor-widget-container\">\n\t\t\t<style>\/*! elementor - v3.23.0 - 15-07-2024 *\/\n.elementor-widget-image{text-align:center}.elementor-widget-image a{display:inline-block}.elementor-widget-image a img[src$=\".svg\"]{width:48px}.elementor-widget-image img{vertical-align:middle;display:inline-block}<\/style>\t\t\t\t\t\t\t\t\t\t<img fetchpriority=\"high\" decoding=\"async\" width=\"770\" height=\"420\" src=\"https:\/\/canizmirviptransfer.com\/wp-content\/uploads\/2024\/05\/vito-1.png\" class=\"attachment-large size-large wp-image-273\" alt=\"\" srcset=\"https:\/\/canizmirviptransfer.com\/wp-content\/uploads\/2024\/05\/vito-1.png 770w, https:\/\/canizmirviptransfer.com\/wp-content\/uploads\/2024\/05\/vito-1-300x164.png 300w, https:\/\/canizmirviptransfer.com\/wp-content\/uploads\/2024\/05\/vito-1-768x419.png 768w\" sizes=\"(max-width: 770px) 100vw, 770px\" \/>\t\t\t\t\t\t\t\t\t\t\t\t\t<\/div>\n\t\t\t\t<\/div>\n\t\t\t\t\t<\/div>\n\t\t<\/div>\n\t\t\t\t<div class=\"elementor-column elementor-col-50 elementor-inner-column elementor-element elementor-element-439cc2d6\" data-id=\"439cc2d6\" data-element_type=\"column\">\n\t\t\t<div class=\"elementor-widget-wrap elementor-element-populated\">\n\t\t\t\t\t\t<div class=\"elementor-element elementor-element-190bd7cf elementor-widget elementor-widget-heading\" data-id=\"190bd7cf\" data-element_type=\"widget\" data-widget_type=\"heading.default\">\n\t\t\t\t<div class=\"elementor-widget-container\">\n\t\t\t<h3 class=\"elementor-heading-title elementor-size-default\">Havaliman\u0131 Vip Ta\u015f\u0131mac\u0131l\u0131k<\/h3>\t\t<\/div>\n\t\t\t\t<\/div>\n\t\t\t\t<div class=\"elementor-element elementor-element-3d692634 elementor-widget elementor-widget-image\" data-id=\"3d692634\" data-element_type=\"widget\" data-widget_type=\"image.default\">\n\t\t\t\t<div class=\"elementor-widget-container\">\n\t\t\t\t\t\t\t\t\t\t\t\t\t<img decoding=\"async\" width=\"193\" height=\"4\" src=\"https:\/\/canizmirviptransfer.com\/wp-content\/uploads\/2024\/05\/autozone-img22.png\" class=\"attachment-large size-large wp-image-48\" alt=\"\" srcset=\"https:\/\/canizmirviptransfer.com\/wp-content\/uploads\/2024\/05\/autozone-img22.png 193w, https:\/\/canizmirviptransfer.com\/wp-content\/uploads\/2024\/05\/autozone-img22-150x4.png 150w\" sizes=\"(max-width: 193px) 100vw, 193px\" \/>\t\t\t\t\t\t\t\t\t\t\t\t\t<\/div>\n\t\t\t\t<\/div>\n\t\t\t\t<div class=\"elementor-element elementor-element-1594db31 elementor-widget__width-initial elementor-widget elementor-widget-text-editor\" data-id=\"1594db31\" data-element_type=\"widget\" data-widget_type=\"text-editor.default\">\n\t\t\t\t<div class=\"elementor-widget-container\">\n\t\t\t<style>\/*! elementor - v3.23.0 - 15-07-2024 *\/\n.elementor-widget-text-editor.elementor-drop-cap-view-stacked .elementor-drop-cap{background-color:#69727d;color:#fff}.elementor-widget-text-editor.elementor-drop-cap-view-framed .elementor-drop-cap{color:#69727d;border:3px solid;background-color:transparent}.elementor-widget-text-editor:not(.elementor-drop-cap-view-default) .elementor-drop-cap{margin-top:8px}.elementor-widget-text-editor:not(.elementor-drop-cap-view-default) .elementor-drop-cap-letter{width:1em;height:1em}.elementor-widget-text-editor .elementor-drop-cap{float:left;text-align:center;line-height:1;font-size:50px}.elementor-widget-text-editor .elementor-drop-cap-letter{display:inline-block}<\/style>\t\t\t\t<p>M\u00fc\u015fterilerine l\u00fcks ve sorunsuz bir seyahat deneyimi sunan profesyonel bir havaalan\u0131 ula\u015f\u0131m hizmetidir. M\u00fc\u015fteri memnuniyetine g\u00fc\u00e7l\u00fc bir ba\u011fl\u0131l\u0131k ve detaylara verilen \u00f6nem ile bu hizmet, yolcular\u0131n havaalan\u0131na ad\u0131m att\u0131klar\u0131 andan son var\u0131\u015f noktalar\u0131na kadar rahat ula\u015f\u0131m\u0131n\u0131 sa\u011flar.<\/p><p>\u0130yi e\u011fitimli ve profesyonel \u015fof\u00f6rlerimiz, yolculuk boyunca g\u00fcvenlik ve konforu \u00f6n planda tutarak sorunsuz ve dakik bir Ta\u015f\u0131mac\u0131l\u0131k hizmeti sunar. Havaliman\u0131 VIP Ta\u015f\u0131mac\u0131l\u0131k, modern olanaklarla donat\u0131lm\u0131\u015f, bireylere veya gruplara en \u00fcst d\u00fczeyde kolayl\u0131k sa\u011flayan son model ara\u00e7 filosuna sahiptir. \u00dcstelik, kusursuz m\u00fc\u015fteri hizmetleri ekibi \u00f6zel talepleri ve \u00f6ng\u00f6r\u00fclemeyen durumlar\u0131 ele almak i\u00e7in her zaman haz\u0131rd\u0131r.<\/p><p>Ki\u015fiselle\u015ftirilmi\u015f seyahat programlar\u0131 sunmaktan bagaj ta\u015f\u0131maya yard\u0131mc\u0131 olmaya kadar Havaliman\u0131 VIP Ta\u015f\u0131mac\u0131l\u0131k, beklentileri a\u015fan y\u00fcksek bir seyahat deneyimi sunar. \u0130ster i\u015f ister e\u011flence ama\u00e7l\u0131 seyahat ediyor olun, bu hizmet profesyonellik ve geli\u015fmi\u015fli\u011fin simgesidir ve havaalan\u0131 ula\u015f\u0131m ihtiya\u00e7lar\u0131n\u0131z\u0131n her y\u00f6n\u00fcn\u00fcn m\u00fckemmel bir \u015fekilde kar\u015f\u0131lanmas\u0131n\u0131 sa\u011flar.<\/p>\t\t\t\t\t\t<\/div>\n\t\t\t\t<\/div>\n\t\t\t\t\t<\/div>\n\t\t<\/div>\n\t\t\t\t\t<\/div>\n\t\t<\/section>\n\t\t\t\t\t<\/div>\n\t\t<\/div>\n\t\t\t\t\t<\/div>\n\t\t<\/section>\n\t\t<div class=\"elementor-element elementor-element-2bb7a07 e-flex e-con-boxed e-con e-parent\" data-id=\"2bb7a07\" data-element_type=\"container\" data-settings=\"{&quot;background_background&quot;:&quot;gradient&quot;}\">\n\t\t\t\t\t<div class=\"e-con-inner\">\n\t\t\t\t<div class=\"elementor-element elementor-element-d6dc590 elementor-widget elementor-widget-spacer\" data-id=\"d6dc590\" data-element_type=\"widget\" data-widget_type=\"spacer.default\">\n\t\t\t\t<div class=\"elementor-widget-container\">\n\t\t\t<style>\/*! elementor - v3.23.0 - 15-07-2024 *\/\n.elementor-column .elementor-spacer-inner{height:var(--spacer-size)}.e-con{--container-widget-width:100%}.e-con-inner>.elementor-widget-spacer,.e-con>.elementor-widget-spacer{width:var(--container-widget-width,var(--spacer-size));--align-self:var(--container-widget-align-self,initial);--flex-shrink:0}.e-con-inner>.elementor-widget-spacer>.elementor-widget-container,.e-con>.elementor-widget-spacer>.elementor-widget-container{height:100%;width:100%}.e-con-inner>.elementor-widget-spacer>.elementor-widget-container>.elementor-spacer,.e-con>.elementor-widget-spacer>.elementor-widget-container>.elementor-spacer{height:100%}.e-con-inner>.elementor-widget-spacer>.elementor-widget-container>.elementor-spacer>.elementor-spacer-inner,.e-con>.elementor-widget-spacer>.elementor-widget-container>.elementor-spacer>.elementor-spacer-inner{height:var(--container-widget-height,var(--spacer-size))}.e-con-inner>.elementor-widget-spacer.elementor-widget-empty,.e-con>.elementor-widget-spacer.elementor-widget-empty{position:relative;min-height:22px;min-width:22px}.e-con-inner>.elementor-widget-spacer.elementor-widget-empty .elementor-widget-empty-icon,.e-con>.elementor-widget-spacer.elementor-widget-empty .elementor-widget-empty-icon{position:absolute;top:0;bottom:0;left:0;right:0;margin:auto;padding:0;width:22px;height:22px}<\/style>\t\t<div class=\"elementor-spacer\">\n\t\t\t<div class=\"elementor-spacer-inner\"><\/div>\n\t\t<\/div>\n\t\t\t\t<\/div>\n\t\t\t\t<\/div>\n\t\t\t\t<div class=\"elementor-element elementor-element-3b20458 elementor-widget elementor-widget-heading\" data-id=\"3b20458\" data-element_type=\"widget\" data-widget_type=\"heading.default\">\n\t\t\t\t<div class=\"elementor-widget-container\">\n\t\t\t<h2 class=\"elementor-heading-title elementor-size-default\"><a href=\"https:\/\/wa.me\/+905064315042\">WhatsApp Hemen Bilgi \u0130\u00e7in T\u0131kla (\u00e7evrimi\u00e7i)<\/a><\/h2>\t\t<\/div>\n\t\t\t\t<\/div>\n\t\t\t\t<div class=\"elementor-element elementor-element-aaad768 elementor-widget elementor-widget-spacer\" data-id=\"aaad768\" data-element_type=\"widget\" data-widget_type=\"spacer.default\">\n\t\t\t\t<div class=\"elementor-widget-container\">\n\t\t\t\t\t<div class=\"elementor-spacer\">\n\t\t\t<div class=\"elementor-spacer-inner\"><\/div>\n\t\t<\/div>\n\t\t\t\t<\/div>\n\t\t\t\t<\/div>\n\t\t\t\t\t<\/div>\n\t\t\t\t<\/div>\n\t\t\t\t<\/div>\n\t\t","protected":false},"excerpt":{"rendered":"<p>Vip Ta\u015f\u0131mac\u0131l\u0131k Havaliman\u0131 Vip Ta\u015f\u0131mac\u0131l\u0131k M\u00fc\u015fterilerine l\u00fcks ve sorunsuz bir seyahat deneyimi sunan profesyonel bir havaalan\u0131 ula\u015f\u0131m hizmetidir. M\u00fc\u015fteri memnuniyetine g\u00fc\u00e7l\u00fc bir ba\u011fl\u0131l\u0131k ve detaylara verilen \u00f6nem ile bu hizmet, yolcular\u0131n havaalan\u0131na ad\u0131m att\u0131klar\u0131 andan son var\u0131\u015f noktalar\u0131na kadar rahat ula\u015f\u0131m\u0131n\u0131 sa\u011flar. \u0130yi e\u011fitimli ve profesyonel \u015fof\u00f6rlerimiz, yolculuk boyunca g\u00fcvenlik ve konforu \u00f6n planda tutarak [&hellip;]<\/p>\n","protected":false},"author":2,"featured_media":0,"parent":0,"menu_order":0,"comment_status":"closed","ping_status":"closed","template":"","meta":{"footnotes":""},"class_list":["post-130","page","type-page","status-publish","hentry"],"_links":{"self":[{"href":"https:\/\/canizmirviptransfer.com\/index.php?rest_route=\/wp\/v2\/pages\/130","targetHints":{"allow":["GET"]}}],"collection":[{"href":"https:\/\/canizmirviptransfer.com\/index.php?rest_route=\/wp\/v2\/pages"}],"about":[{"href":"https:\/\/canizmirviptransfer.com\/index.php?rest_route=\/wp\/v2\/types\/page"}],"author":[{"embeddable":true,"href":"https:\/\/canizmirviptransfer.com\/index.php?rest_route=\/wp\/v2\/users\/2"}],"replies":[{"embeddable":true,"href":"https:\/\/canizmirviptransfer.com\/index.php?rest_route=%2Fwp%2Fv2%2Fcomments&post=130"}],"version-history":[{"count":25,"href":"https:\/\/canizmirviptransfer.com\/index.php?rest_route=\/wp\/v2\/pages\/130\/revisions"}],"predecessor-version":[{"id":1206,"href":"https:\/\/canizmirviptransfer.com\/index.php?rest_route=\/wp\/v2\/pages\/130\/revisions\/1206"}],"wp:attachment":[{"href":"https:\/\/canizmirviptransfer.com\/index.php?rest_route=%2Fwp%2Fv2%2Fmedia&parent=130"}],"curies":[{"name":"wp","href":"https:\/\/api.w.org\/{rel}","templated":true}]}}